{"id":288,"date":"2023-07-17T21:17:03","date_gmt":"2023-07-17T21:17:03","guid":{"rendered":"https:\/\/corporautos.com\/?post_type=product&#038;p=288"},"modified":"2023-07-17T21:17:03","modified_gmt":"2023-07-17T21:17:03","slug":"nissan-x-trail-advance-2-5l-2015","status":"publish","type":"product","link":"https:\/\/corporautos.com\/index.php\/product\/nissan-x-trail-advance-2-5l-2015\/","title":{"rendered":"Nissan X-Trail Advance 2.5L 2015"},"content":{"rendered":"<p>Espectacular Nissan X-Trail Advance 2.5L 2015, con 88.252 km, en perfecto estado, sin choques o reclamaciones, documentos al d\u00eda, mantenimiento reciente, disponible para cualquier inspecci\u00f3n, CITA PREVIA.<\/p>\n","protected":false},"excerpt":{"rendered":"<p>Marca: Nissan<br \/>\nModelo: 2021<br \/>\nColor: Rojo<br \/>\nReferencia: X-Trail<br \/>\nVersi\u00f3n: Advance<br \/>\nTipo: Camioneta<br \/>\nMotor: 2.5L<br \/>\nTrasmisi\u00f3n: Autom\u00e1tica<br \/>\nTracci\u00f3n: 4&#215;2<br \/>\nKilometraje: 88.250 km<br \/>\nPlaca: 2<br \/>\nLugar de matr\u00edcula: Bogota<\/p>\n","protected":false},"featured_media":115,"comment_status":"open","ping_status":"closed","template":"","meta":{"site-sidebar-layout":"default","site-content-layout":"default","ast-global-header-display":"","ast-banner-title-visibility":"","ast-main-header-display":"","ast-hfb-above-header-display":"","ast-hfb-below-header-display":"","ast-hfb-mobile-header-display":"","site-post-title":"","ast-breadcrumbs-content":"","ast-featured-img":"","footer-sml-layout":"","theme-transparent-header-meta":"default","adv-header-id-meta":"","stick-header-meta":"","header-above-stick-meta":"","header-main-stick-meta":"","header-below-stick-meta":"","_joinchat":[]},"product_cat":[15],"product_tag":[],"class_list":["post-288","product","type-product","status-publish","has-post-thumbnail","hentry","product_cat-uncategorized","desktop-align-left","tablet-align-left","mobile-align-left"],"yoast_head":"<!-- This site is optimized with the Yoast SEO Premium plugin v20.4 (Yoast SEO v20.11) - https:\/\/yoast.com\/wordpress\/plugins\/seo\/ -->\n<title>Nissan X-Trail Advance 2.5L 2015 - Corporautos<\/title>\n<meta name=\"robots\" content=\"index, follow, max-snippet:-1, max-image-preview:large, max-video-preview:-1\" \/>\n<link rel=\"canonical\" href=\"https:\/\/corporautos.com\/index.php\/product\/nissan-x-trail-advance-2-5l-2015\/\" \/>\n<meta property=\"og:locale\" content=\"es_ES\" \/>\n<meta property=\"og:type\" content=\"article\" \/>\n<meta property=\"og:title\" content=\"Nissan X-Trail Advance 2.5L 2015\" \/>\n<meta property=\"og:description\" content=\"Marca: Nissan Modelo: 2021 Color: Rojo Referencia: X-Trail Versi\u00f3n: Advance Tipo: Camioneta Motor: 2.5L Trasmisi\u00f3n: Autom\u00e1tica Tracci\u00f3n: 4x2 Kilometraje: 88.250 km Placa: 2 Lugar de matr\u00edcula: Bogota\" \/>\n<meta property=\"og:url\" content=\"https:\/\/corporautos.com\/index.php\/product\/nissan-x-trail-advance-2-5l-2015\/\" \/>\n<meta property=\"og:site_name\" content=\"Corporautos\" \/>\n<meta property=\"og:image\" content=\"https:\/\/corporautos.com\/wp-content\/uploads\/2023\/07\/354506128_6279306408817146_8131751556713521865_n.jpg\" \/>\n\t<meta property=\"og:image:width\" content=\"640\" \/>\n\t<meta property=\"og:image:height\" content=\"536\" \/>\n\t<meta property=\"og:image:type\" content=\"image\/jpeg\" \/>\n<meta name=\"twitter:card\" content=\"summary_large_image\" \/>\n<meta name=\"twitter:label1\" content=\"Tiempo de lectura\" \/>\n\t<meta name=\"twitter:data1\" content=\"1 minuto\" \/>\n<script type=\"application\/ld+json\" class=\"yoast-schema-graph\">{\"@context\":\"https:\/\/schema.org\",\"@graph\":[{\"@type\":\"WebPage\",\"@id\":\"https:\/\/corporautos.com\/index.php\/product\/nissan-x-trail-advance-2-5l-2015\/\",\"url\":\"https:\/\/corporautos.com\/index.php\/product\/nissan-x-trail-advance-2-5l-2015\/\",\"name\":\"Nissan X-Trail Advance 2.5L 2015 - Corporautos\",\"isPartOf\":{\"@id\":\"https:\/\/corporautos.com\/#website\"},\"datePublished\":\"2023-07-17T21:17:03+00:00\",\"dateModified\":\"2023-07-17T21:17:03+00:00\",\"breadcrumb\":{\"@id\":\"https:\/\/corporautos.com\/index.php\/product\/nissan-x-trail-advance-2-5l-2015\/#breadcrumb\"},\"inLanguage\":\"es\",\"potentialAction\":[{\"@type\":\"ReadAction\",\"target\":[\"https:\/\/corporautos.com\/index.php\/product\/nissan-x-trail-advance-2-5l-2015\/\"]}]},{\"@type\":\"BreadcrumbList\",\"@id\":\"https:\/\/corporautos.com\/index.php\/product\/nissan-x-trail-advance-2-5l-2015\/#breadcrumb\",\"itemListElement\":[{\"@type\":\"ListItem\",\"position\":1,\"name\":\"Home\",\"item\":\"https:\/\/corporautos.com\/\"},{\"@type\":\"ListItem\",\"position\":2,\"name\":\"Tienda\",\"item\":\"https:\/\/corporautos.com\/index.php\/shop\/\"},{\"@type\":\"ListItem\",\"position\":3,\"name\":\"Nissan X-Trail Advance 2.5L 2015\"}]},{\"@type\":\"WebSite\",\"@id\":\"https:\/\/corporautos.com\/#website\",\"url\":\"https:\/\/corporautos.com\/\",\"name\":\"Corporautos\",\"description\":\"\",\"potentialAction\":[{\"@type\":\"SearchAction\",\"target\":{\"@type\":\"EntryPoint\",\"urlTemplate\":\"https:\/\/corporautos.com\/?s={search_term_string}\"},\"query-input\":\"required name=search_term_string\"}],\"inLanguage\":\"es\"}]}<\/script>\n<!-- \/ Yoast SEO Premium plugin. -->","yoast_head_json":{"title":"Nissan X-Trail Advance 2.5L 2015 - Corporautos","robots":{"index":"index","follow":"follow","max-snippet":"max-snippet:-1","max-image-preview":"max-image-preview:large","max-video-preview":"max-video-preview:-1"},"canonical":"https:\/\/corporautos.com\/index.php\/product\/nissan-x-trail-advance-2-5l-2015\/","og_locale":"es_ES","og_type":"article","og_title":"Nissan X-Trail Advance 2.5L 2015","og_description":"Marca: Nissan Modelo: 2021 Color: Rojo Referencia: X-Trail Versi\u00f3n: Advance Tipo: Camioneta Motor: 2.5L Trasmisi\u00f3n: Autom\u00e1tica Tracci\u00f3n: 4x2 Kilometraje: 88.250 km Placa: 2 Lugar de matr\u00edcula: Bogota","og_url":"https:\/\/corporautos.com\/index.php\/product\/nissan-x-trail-advance-2-5l-2015\/","og_site_name":"Corporautos","og_image":[{"width":640,"height":536,"url":"https:\/\/corporautos.com\/wp-content\/uploads\/2023\/07\/354506128_6279306408817146_8131751556713521865_n.jpg","type":"image\/jpeg"}],"twitter_card":"summary_large_image","twitter_misc":{"Tiempo de lectura":"1 minuto"},"schema":{"@context":"https:\/\/schema.org","@graph":[{"@type":"WebPage","@id":"https:\/\/corporautos.com\/index.php\/product\/nissan-x-trail-advance-2-5l-2015\/","url":"https:\/\/corporautos.com\/index.php\/product\/nissan-x-trail-advance-2-5l-2015\/","name":"Nissan X-Trail Advance 2.5L 2015 - Corporautos","isPartOf":{"@id":"https:\/\/corporautos.com\/#website"},"datePublished":"2023-07-17T21:17:03+00:00","dateModified":"2023-07-17T21:17:03+00:00","breadcrumb":{"@id":"https:\/\/corporautos.com\/index.php\/product\/nissan-x-trail-advance-2-5l-2015\/#breadcrumb"},"inLanguage":"es","potentialAction":[{"@type":"ReadAction","target":["https:\/\/corporautos.com\/index.php\/product\/nissan-x-trail-advance-2-5l-2015\/"]}]},{"@type":"BreadcrumbList","@id":"https:\/\/corporautos.com\/index.php\/product\/nissan-x-trail-advance-2-5l-2015\/#breadcrumb","itemListElement":[{"@type":"ListItem","position":1,"name":"Home","item":"https:\/\/corporautos.com\/"},{"@type":"ListItem","position":2,"name":"Tienda","item":"https:\/\/corporautos.com\/index.php\/shop\/"},{"@type":"ListItem","position":3,"name":"Nissan X-Trail Advance 2.5L 2015"}]},{"@type":"WebSite","@id":"https:\/\/corporautos.com\/#website","url":"https:\/\/corporautos.com\/","name":"Corporautos","description":"","potentialAction":[{"@type":"SearchAction","target":{"@type":"EntryPoint","urlTemplate":"https:\/\/corporautos.com\/?s={search_term_string}"},"query-input":"required name=search_term_string"}],"inLanguage":"es"}]}},"_links":{"self":[{"href":"https:\/\/corporautos.com\/index.php\/wp-json\/wp\/v2\/product\/288","targetHints":{"allow":["GET"]}}],"collection":[{"href":"https:\/\/corporautos.com\/index.php\/wp-json\/wp\/v2\/product"}],"about":[{"href":"https:\/\/corporautos.com\/index.php\/wp-json\/wp\/v2\/types\/product"}],"replies":[{"embeddable":true,"href":"https:\/\/corporautos.com\/index.php\/wp-json\/wp\/v2\/comments?post=288"}],"wp:featuredmedia":[{"embeddable":true,"href":"https:\/\/corporautos.com\/index.php\/wp-json\/wp\/v2\/media\/115"}],"wp:attachment":[{"href":"https:\/\/corporautos.com\/index.php\/wp-json\/wp\/v2\/media?parent=288"}],"wp:term":[{"taxonomy":"product_cat","embeddable":true,"href":"https:\/\/corporautos.com\/index.php\/wp-json\/wp\/v2\/product_cat?post=288"},{"taxonomy":"product_tag","embeddable":true,"href":"https:\/\/corporautos.com\/index.php\/wp-json\/wp\/v2\/product_tag?post=288"}],"curies":[{"name":"wp","href":"https:\/\/api.w.org\/{rel}","templated":true}]}}