{"id":284,"date":"2023-07-17T21:11:19","date_gmt":"2023-07-17T21:11:19","guid":{"rendered":"https:\/\/corporautos.com\/?post_type=product&#038;p=284"},"modified":"2023-07-17T21:11:20","modified_gmt":"2023-07-17T21:11:20","slug":"jeep-wrangler-3-6l-sport-unlimited-5-puertas-2021","status":"publish","type":"product","link":"https:\/\/corporautos.com\/index.php\/product\/jeep-wrangler-3-6l-sport-unlimited-5-puertas-2021\/","title":{"rendered":"Jeep Wrangler 3.6L Sport Unlimited 5 Puertas 2021"},"content":{"rendered":"<p>!IMPECABLE\u00a1 Jeep Wrangler 3.6L Sport Unlimited 5 Puertas 2021, con tan solo 18.703 km, \u00danico due\u00f1o, mantenimientos en concesionario, sin choques, camioneta asegurada, documentos al d\u00eda, lista para traspaso, disponible para cualquier inspecci\u00f3n, CITA PREVIA.<\/p>\n","protected":false},"excerpt":{"rendered":"<p>Marca: Jeep<br \/>\nModelo: 2021<br \/>\nColor: Negro<br \/>\nReferencia: Wrangler<br \/>\nVersi\u00f3n: Sport Unlimited<br \/>\nTipo: Camioneta<br \/>\nMotor: 3.6L<br \/>\nTrasmisi\u00f3n: Autom\u00e1tica<br \/>\nTracci\u00f3n: 4&#215;4<br \/>\nKilometraje: 18.703 km<br \/>\nPlaca: 9<br \/>\nLugar de matr\u00edcula: Chia<\/p>\n","protected":false},"featured_media":133,"comment_status":"open","ping_status":"closed","template":"","meta":{"site-sidebar-layout":"default","site-content-layout":"default","ast-global-header-display":"","ast-banner-title-visibility":"","ast-main-header-display":"","ast-hfb-above-header-display":"","ast-hfb-below-header-display":"","ast-hfb-mobile-header-display":"","site-post-title":"","ast-breadcrumbs-content":"","ast-featured-img":"","footer-sml-layout":"","theme-transparent-header-meta":"default","adv-header-id-meta":"","stick-header-meta":"","header-above-stick-meta":"","header-main-stick-meta":"","header-below-stick-meta":"","_joinchat":[]},"product_cat":[15],"product_tag":[],"class_list":["post-284","product","type-product","status-publish","has-post-thumbnail","hentry","product_cat-uncategorized","desktop-align-left","tablet-align-left","mobile-align-left"],"yoast_head":"<!-- This site is optimized with the Yoast SEO Premium plugin v20.4 (Yoast SEO v20.11) - https:\/\/yoast.com\/wordpress\/plugins\/seo\/ -->\n<title>Jeep Wrangler 3.6L Sport Unlimited 5 Puertas 2021 - Corporautos<\/title>\n<meta name=\"robots\" content=\"index, follow, max-snippet:-1, max-image-preview:large, max-video-preview:-1\" \/>\n<link rel=\"canonical\" href=\"https:\/\/corporautos.com\/index.php\/product\/jeep-wrangler-3-6l-sport-unlimited-5-puertas-2021\/\" \/>\n<meta property=\"og:locale\" content=\"es_ES\" \/>\n<meta property=\"og:type\" content=\"article\" \/>\n<meta property=\"og:title\" content=\"Jeep Wrangler 3.6L Sport Unlimited 5 Puertas 2021\" \/>\n<meta property=\"og:description\" content=\"Marca: Jeep Modelo: 2021 Color: Negro Referencia: Wrangler Versi\u00f3n: Sport Unlimited Tipo: Camioneta Motor: 3.6L Trasmisi\u00f3n: Autom\u00e1tica Tracci\u00f3n: 4x4 Kilometraje: 18.703 km Placa: 9 Lugar de matr\u00edcula: Chia\" \/>\n<meta property=\"og:url\" content=\"https:\/\/corporautos.com\/index.php\/product\/jeep-wrangler-3-6l-sport-unlimited-5-puertas-2021\/\" \/>\n<meta property=\"og:site_name\" content=\"Corporautos\" \/>\n<meta property=\"article:modified_time\" content=\"2023-07-17T21:11:20+00:00\" \/>\n<meta property=\"og:image\" content=\"https:\/\/corporautos.com\/wp-content\/uploads\/2023\/07\/355581849_288616700273902_8862589322057424116_n.jpg\" \/>\n\t<meta property=\"og:image:width\" content=\"1080\" \/>\n\t<meta property=\"og:image:height\" content=\"905\" \/>\n\t<meta property=\"og:image:type\" content=\"image\/jpeg\" \/>\n<meta name=\"twitter:card\" content=\"summary_large_image\" \/>\n<meta name=\"twitter:label1\" content=\"Tiempo de lectura\" \/>\n\t<meta name=\"twitter:data1\" content=\"1 minuto\" \/>\n<script type=\"application\/ld+json\" class=\"yoast-schema-graph\">{\"@context\":\"https:\/\/schema.org\",\"@graph\":[{\"@type\":\"WebPage\",\"@id\":\"https:\/\/corporautos.com\/index.php\/product\/jeep-wrangler-3-6l-sport-unlimited-5-puertas-2021\/\",\"url\":\"https:\/\/corporautos.com\/index.php\/product\/jeep-wrangler-3-6l-sport-unlimited-5-puertas-2021\/\",\"name\":\"Jeep Wrangler 3.6L Sport Unlimited 5 Puertas 2021 - Corporautos\",\"isPartOf\":{\"@id\":\"https:\/\/corporautos.com\/#website\"},\"datePublished\":\"2023-07-17T21:11:19+00:00\",\"dateModified\":\"2023-07-17T21:11:20+00:00\",\"breadcrumb\":{\"@id\":\"https:\/\/corporautos.com\/index.php\/product\/jeep-wrangler-3-6l-sport-unlimited-5-puertas-2021\/#breadcrumb\"},\"inLanguage\":\"es\",\"potentialAction\":[{\"@type\":\"ReadAction\",\"target\":[\"https:\/\/corporautos.com\/index.php\/product\/jeep-wrangler-3-6l-sport-unlimited-5-puertas-2021\/\"]}]},{\"@type\":\"BreadcrumbList\",\"@id\":\"https:\/\/corporautos.com\/index.php\/product\/jeep-wrangler-3-6l-sport-unlimited-5-puertas-2021\/#breadcrumb\",\"itemListElement\":[{\"@type\":\"ListItem\",\"position\":1,\"name\":\"Home\",\"item\":\"https:\/\/corporautos.com\/\"},{\"@type\":\"ListItem\",\"position\":2,\"name\":\"Tienda\",\"item\":\"https:\/\/corporautos.com\/index.php\/shop\/\"},{\"@type\":\"ListItem\",\"position\":3,\"name\":\"Jeep Wrangler 3.6L Sport Unlimited 5 Puertas 2021\"}]},{\"@type\":\"WebSite\",\"@id\":\"https:\/\/corporautos.com\/#website\",\"url\":\"https:\/\/corporautos.com\/\",\"name\":\"Corporautos\",\"description\":\"\",\"potentialAction\":[{\"@type\":\"SearchAction\",\"target\":{\"@type\":\"EntryPoint\",\"urlTemplate\":\"https:\/\/corporautos.com\/?s={search_term_string}\"},\"query-input\":\"required name=search_term_string\"}],\"inLanguage\":\"es\"}]}<\/script>\n<!-- \/ Yoast SEO Premium plugin. -->","yoast_head_json":{"title":"Jeep Wrangler 3.6L Sport Unlimited 5 Puertas 2021 - Corporautos","robots":{"index":"index","follow":"follow","max-snippet":"max-snippet:-1","max-image-preview":"max-image-preview:large","max-video-preview":"max-video-preview:-1"},"canonical":"https:\/\/corporautos.com\/index.php\/product\/jeep-wrangler-3-6l-sport-unlimited-5-puertas-2021\/","og_locale":"es_ES","og_type":"article","og_title":"Jeep Wrangler 3.6L Sport Unlimited 5 Puertas 2021","og_description":"Marca: Jeep Modelo: 2021 Color: Negro Referencia: Wrangler Versi\u00f3n: Sport Unlimited Tipo: Camioneta Motor: 3.6L Trasmisi\u00f3n: Autom\u00e1tica Tracci\u00f3n: 4x4 Kilometraje: 18.703 km Placa: 9 Lugar de matr\u00edcula: Chia","og_url":"https:\/\/corporautos.com\/index.php\/product\/jeep-wrangler-3-6l-sport-unlimited-5-puertas-2021\/","og_site_name":"Corporautos","article_modified_time":"2023-07-17T21:11:20+00:00","og_image":[{"width":1080,"height":905,"url":"https:\/\/corporautos.com\/wp-content\/uploads\/2023\/07\/355581849_288616700273902_8862589322057424116_n.jpg","type":"image\/jpeg"}],"twitter_card":"summary_large_image","twitter_misc":{"Tiempo de lectura":"1 minuto"},"schema":{"@context":"https:\/\/schema.org","@graph":[{"@type":"WebPage","@id":"https:\/\/corporautos.com\/index.php\/product\/jeep-wrangler-3-6l-sport-unlimited-5-puertas-2021\/","url":"https:\/\/corporautos.com\/index.php\/product\/jeep-wrangler-3-6l-sport-unlimited-5-puertas-2021\/","name":"Jeep Wrangler 3.6L Sport Unlimited 5 Puertas 2021 - Corporautos","isPartOf":{"@id":"https:\/\/corporautos.com\/#website"},"datePublished":"2023-07-17T21:11:19+00:00","dateModified":"2023-07-17T21:11:20+00:00","breadcrumb":{"@id":"https:\/\/corporautos.com\/index.php\/product\/jeep-wrangler-3-6l-sport-unlimited-5-puertas-2021\/#breadcrumb"},"inLanguage":"es","potentialAction":[{"@type":"ReadAction","target":["https:\/\/corporautos.com\/index.php\/product\/jeep-wrangler-3-6l-sport-unlimited-5-puertas-2021\/"]}]},{"@type":"BreadcrumbList","@id":"https:\/\/corporautos.com\/index.php\/product\/jeep-wrangler-3-6l-sport-unlimited-5-puertas-2021\/#breadcrumb","itemListElement":[{"@type":"ListItem","position":1,"name":"Home","item":"https:\/\/corporautos.com\/"},{"@type":"ListItem","position":2,"name":"Tienda","item":"https:\/\/corporautos.com\/index.php\/shop\/"},{"@type":"ListItem","position":3,"name":"Jeep Wrangler 3.6L Sport Unlimited 5 Puertas 2021"}]},{"@type":"WebSite","@id":"https:\/\/corporautos.com\/#website","url":"https:\/\/corporautos.com\/","name":"Corporautos","description":"","potentialAction":[{"@type":"SearchAction","target":{"@type":"EntryPoint","urlTemplate":"https:\/\/corporautos.com\/?s={search_term_string}"},"query-input":"required name=search_term_string"}],"inLanguage":"es"}]}},"_links":{"self":[{"href":"https:\/\/corporautos.com\/index.php\/wp-json\/wp\/v2\/product\/284","targetHints":{"allow":["GET"]}}],"collection":[{"href":"https:\/\/corporautos.com\/index.php\/wp-json\/wp\/v2\/product"}],"about":[{"href":"https:\/\/corporautos.com\/index.php\/wp-json\/wp\/v2\/types\/product"}],"replies":[{"embeddable":true,"href":"https:\/\/corporautos.com\/index.php\/wp-json\/wp\/v2\/comments?post=284"}],"wp:featuredmedia":[{"embeddable":true,"href":"https:\/\/corporautos.com\/index.php\/wp-json\/wp\/v2\/media\/133"}],"wp:attachment":[{"href":"https:\/\/corporautos.com\/index.php\/wp-json\/wp\/v2\/media?parent=284"}],"wp:term":[{"taxonomy":"product_cat","embeddable":true,"href":"https:\/\/corporautos.com\/index.php\/wp-json\/wp\/v2\/product_cat?post=284"},{"taxonomy":"product_tag","embeddable":true,"href":"https:\/\/corporautos.com\/index.php\/wp-json\/wp\/v2\/product_tag?post=284"}],"curies":[{"name":"wp","href":"https:\/\/api.w.org\/{rel}","templated":true}]}}