{"id":255,"date":"2023-07-17T20:59:03","date_gmt":"2023-07-17T20:59:03","guid":{"rendered":"https:\/\/corporautos.com\/?post_type=product&#038;p=255"},"modified":"2023-07-17T20:59:04","modified_gmt":"2023-07-17T20:59:04","slug":"toyota-corolla-cross-xei-1-8l-hibrida","status":"publish","type":"product","link":"https:\/\/corporautos.com\/index.php\/product\/toyota-corolla-cross-xei-1-8l-hibrida\/","title":{"rendered":"Toyota Corolla Cross Xei 1.8L H\u00edbrida"},"content":{"rendered":"<p>Toyota Corolla Cross Xei 1.8L H\u00edbrida, con tan solo 6.316 km, mantenimientos en concesionario, sin choques, documentos al d\u00eda, lista para traspaso, disponible para cualquier inspecci\u00f3n, CITA PREVIA.<\/p>\n","protected":false},"excerpt":{"rendered":"<p>Marca: Toyota<br \/>\nModelo: 2023<br \/>\nColor: Gris<br \/>\nReferencia: Corolla Cross<br \/>\nVersi\u00f3n: Hibrida<br \/>\nTipo: Camioneta<br \/>\nMotor: 1.8L<br \/>\nTrasmisi\u00f3n: Autom\u00e1tica<br \/>\nTracci\u00f3n: 4&#215;2<br \/>\nKilometraje: 6.316 km<br \/>\nPlaca: 0<br \/>\nLugar de matr\u00edcula: Bogota<\/p>\n","protected":false},"featured_media":105,"comment_status":"open","ping_status":"closed","template":"","meta":{"site-sidebar-layout":"default","site-content-layout":"default","ast-global-header-display":"","ast-banner-title-visibility":"","ast-main-header-display":"","ast-hfb-above-header-display":"","ast-hfb-below-header-display":"","ast-hfb-mobile-header-display":"","site-post-title":"","ast-breadcrumbs-content":"","ast-featured-img":"","footer-sml-layout":"","theme-transparent-header-meta":"default","adv-header-id-meta":"","stick-header-meta":"","header-above-stick-meta":"","header-main-stick-meta":"","header-below-stick-meta":"","_joinchat":[]},"product_cat":[15],"product_tag":[],"class_list":["post-255","product","type-product","status-publish","has-post-thumbnail","hentry","product_cat-uncategorized","desktop-align-left","tablet-align-left","mobile-align-left"],"yoast_head":"<!-- This site is optimized with the Yoast SEO Premium plugin v20.4 (Yoast SEO v20.11) - https:\/\/yoast.com\/wordpress\/plugins\/seo\/ -->\n<title>Toyota Corolla Cross Xei 1.8L H\u00edbrida - Corporautos<\/title>\n<meta name=\"robots\" content=\"index, follow, max-snippet:-1, max-image-preview:large, max-video-preview:-1\" \/>\n<link rel=\"canonical\" href=\"https:\/\/corporautos.com\/index.php\/product\/toyota-corolla-cross-xei-1-8l-hibrida\/\" \/>\n<meta property=\"og:locale\" content=\"es_ES\" \/>\n<meta property=\"og:type\" content=\"article\" \/>\n<meta property=\"og:title\" content=\"Toyota Corolla Cross Xei 1.8L H\u00edbrida\" \/>\n<meta property=\"og:description\" content=\"Marca: Toyota Modelo: 2023 Color: Gris Referencia: Corolla Cross Versi\u00f3n: Hibrida Tipo: Camioneta Motor: 1.8L Trasmisi\u00f3n: Autom\u00e1tica Tracci\u00f3n: 4x2 Kilometraje: 6.316 km Placa: 0 Lugar de matr\u00edcula: Bogota\" \/>\n<meta property=\"og:url\" content=\"https:\/\/corporautos.com\/index.php\/product\/toyota-corolla-cross-xei-1-8l-hibrida\/\" \/>\n<meta property=\"og:site_name\" content=\"Corporautos\" \/>\n<meta property=\"article:modified_time\" content=\"2023-07-17T20:59:04+00:00\" \/>\n<meta property=\"og:image\" content=\"https:\/\/corporautos.com\/wp-content\/uploads\/2023\/07\/360014198_3554478114766221_1534531386026908953_n.jpg\" \/>\n\t<meta property=\"og:image:width\" content=\"640\" \/>\n\t<meta property=\"og:image:height\" content=\"536\" \/>\n\t<meta property=\"og:image:type\" content=\"image\/jpeg\" \/>\n<meta name=\"twitter:card\" content=\"summary_large_image\" \/>\n<meta name=\"twitter:label1\" content=\"Tiempo de lectura\" \/>\n\t<meta name=\"twitter:data1\" content=\"1 minuto\" \/>\n<script type=\"application\/ld+json\" class=\"yoast-schema-graph\">{\"@context\":\"https:\/\/schema.org\",\"@graph\":[{\"@type\":\"WebPage\",\"@id\":\"https:\/\/corporautos.com\/index.php\/product\/toyota-corolla-cross-xei-1-8l-hibrida\/\",\"url\":\"https:\/\/corporautos.com\/index.php\/product\/toyota-corolla-cross-xei-1-8l-hibrida\/\",\"name\":\"Toyota Corolla Cross Xei 1.8L H\u00edbrida - Corporautos\",\"isPartOf\":{\"@id\":\"https:\/\/corporautos.com\/#website\"},\"datePublished\":\"2023-07-17T20:59:03+00:00\",\"dateModified\":\"2023-07-17T20:59:04+00:00\",\"breadcrumb\":{\"@id\":\"https:\/\/corporautos.com\/index.php\/product\/toyota-corolla-cross-xei-1-8l-hibrida\/#breadcrumb\"},\"inLanguage\":\"es\",\"potentialAction\":[{\"@type\":\"ReadAction\",\"target\":[\"https:\/\/corporautos.com\/index.php\/product\/toyota-corolla-cross-xei-1-8l-hibrida\/\"]}]},{\"@type\":\"BreadcrumbList\",\"@id\":\"https:\/\/corporautos.com\/index.php\/product\/toyota-corolla-cross-xei-1-8l-hibrida\/#breadcrumb\",\"itemListElement\":[{\"@type\":\"ListItem\",\"position\":1,\"name\":\"Home\",\"item\":\"https:\/\/corporautos.com\/\"},{\"@type\":\"ListItem\",\"position\":2,\"name\":\"Tienda\",\"item\":\"https:\/\/corporautos.com\/index.php\/shop\/\"},{\"@type\":\"ListItem\",\"position\":3,\"name\":\"Toyota Corolla Cross Xei 1.8L H\u00edbrida\"}]},{\"@type\":\"WebSite\",\"@id\":\"https:\/\/corporautos.com\/#website\",\"url\":\"https:\/\/corporautos.com\/\",\"name\":\"Corporautos\",\"description\":\"\",\"potentialAction\":[{\"@type\":\"SearchAction\",\"target\":{\"@type\":\"EntryPoint\",\"urlTemplate\":\"https:\/\/corporautos.com\/?s={search_term_string}\"},\"query-input\":\"required name=search_term_string\"}],\"inLanguage\":\"es\"}]}<\/script>\n<!-- \/ Yoast SEO Premium plugin. -->","yoast_head_json":{"title":"Toyota Corolla Cross Xei 1.8L H\u00edbrida - Corporautos","robots":{"index":"index","follow":"follow","max-snippet":"max-snippet:-1","max-image-preview":"max-image-preview:large","max-video-preview":"max-video-preview:-1"},"canonical":"https:\/\/corporautos.com\/index.php\/product\/toyota-corolla-cross-xei-1-8l-hibrida\/","og_locale":"es_ES","og_type":"article","og_title":"Toyota Corolla Cross Xei 1.8L H\u00edbrida","og_description":"Marca: Toyota Modelo: 2023 Color: Gris Referencia: Corolla Cross Versi\u00f3n: Hibrida Tipo: Camioneta Motor: 1.8L Trasmisi\u00f3n: Autom\u00e1tica Tracci\u00f3n: 4x2 Kilometraje: 6.316 km Placa: 0 Lugar de matr\u00edcula: Bogota","og_url":"https:\/\/corporautos.com\/index.php\/product\/toyota-corolla-cross-xei-1-8l-hibrida\/","og_site_name":"Corporautos","article_modified_time":"2023-07-17T20:59:04+00:00","og_image":[{"width":640,"height":536,"url":"https:\/\/corporautos.com\/wp-content\/uploads\/2023\/07\/360014198_3554478114766221_1534531386026908953_n.jpg","type":"image\/jpeg"}],"twitter_card":"summary_large_image","twitter_misc":{"Tiempo de lectura":"1 minuto"},"schema":{"@context":"https:\/\/schema.org","@graph":[{"@type":"WebPage","@id":"https:\/\/corporautos.com\/index.php\/product\/toyota-corolla-cross-xei-1-8l-hibrida\/","url":"https:\/\/corporautos.com\/index.php\/product\/toyota-corolla-cross-xei-1-8l-hibrida\/","name":"Toyota Corolla Cross Xei 1.8L H\u00edbrida - Corporautos","isPartOf":{"@id":"https:\/\/corporautos.com\/#website"},"datePublished":"2023-07-17T20:59:03+00:00","dateModified":"2023-07-17T20:59:04+00:00","breadcrumb":{"@id":"https:\/\/corporautos.com\/index.php\/product\/toyota-corolla-cross-xei-1-8l-hibrida\/#breadcrumb"},"inLanguage":"es","potentialAction":[{"@type":"ReadAction","target":["https:\/\/corporautos.com\/index.php\/product\/toyota-corolla-cross-xei-1-8l-hibrida\/"]}]},{"@type":"BreadcrumbList","@id":"https:\/\/corporautos.com\/index.php\/product\/toyota-corolla-cross-xei-1-8l-hibrida\/#breadcrumb","itemListElement":[{"@type":"ListItem","position":1,"name":"Home","item":"https:\/\/corporautos.com\/"},{"@type":"ListItem","position":2,"name":"Tienda","item":"https:\/\/corporautos.com\/index.php\/shop\/"},{"@type":"ListItem","position":3,"name":"Toyota Corolla Cross Xei 1.8L H\u00edbrida"}]},{"@type":"WebSite","@id":"https:\/\/corporautos.com\/#website","url":"https:\/\/corporautos.com\/","name":"Corporautos","description":"","potentialAction":[{"@type":"SearchAction","target":{"@type":"EntryPoint","urlTemplate":"https:\/\/corporautos.com\/?s={search_term_string}"},"query-input":"required name=search_term_string"}],"inLanguage":"es"}]}},"_links":{"self":[{"href":"https:\/\/corporautos.com\/index.php\/wp-json\/wp\/v2\/product\/255","targetHints":{"allow":["GET"]}}],"collection":[{"href":"https:\/\/corporautos.com\/index.php\/wp-json\/wp\/v2\/product"}],"about":[{"href":"https:\/\/corporautos.com\/index.php\/wp-json\/wp\/v2\/types\/product"}],"replies":[{"embeddable":true,"href":"https:\/\/corporautos.com\/index.php\/wp-json\/wp\/v2\/comments?post=255"}],"wp:featuredmedia":[{"embeddable":true,"href":"https:\/\/corporautos.com\/index.php\/wp-json\/wp\/v2\/media\/105"}],"wp:attachment":[{"href":"https:\/\/corporautos.com\/index.php\/wp-json\/wp\/v2\/media?parent=255"}],"wp:term":[{"taxonomy":"product_cat","embeddable":true,"href":"https:\/\/corporautos.com\/index.php\/wp-json\/wp\/v2\/product_cat?post=255"},{"taxonomy":"product_tag","embeddable":true,"href":"https:\/\/corporautos.com\/index.php\/wp-json\/wp\/v2\/product_tag?post=255"}],"curies":[{"name":"wp","href":"https:\/\/api.w.org\/{rel}","templated":true}]}}